{"id":1376,"date":"2015-08-12T03:27:57","date_gmt":"2015-08-12T03:27:57","guid":{"rendered":"https:\/\/renovation.thememove.com\/?page_id=1376"},"modified":"2024-02-24T13:00:58","modified_gmt":"2024-02-24T13:00:58","slug":"about-us","status":"publish","type":"page","link":"https:\/\/bouwbedrijfhuis.nl\/index.php\/about-us\/","title":{"rendered":"About us"},"content":{"rendered":"<section class=\"wpb-content-wrapper\"><p>[vc_row full_width=&#8221;stretch_row&#8221; parallax=&#8221;content-moving&#8221; parallax_image=&#8221;1379&#8243; el_class=&#8221;about-us-page-title&#8221; css=&#8221;.vc_custom_1439352698718{margin-bottom: 60px !important;padding-top: 200px !important;padding-bottom: 200px !important;}&#8221;][vc_column][vc_custom_heading text=&#8221;Wij bieden professionele diensten aan.&#8221; font_container=&#8221;tag:h2|font_size:60|text_align:center|color:%23ffffff&#8221; css=&#8221;.vc_custom_1690297206101{margin-bottom: 20px !important;}&#8221;][vc_custom_heading text=&#8221;Volledig betaalbaar en effici\u00ebnt&#8221; font_container=&#8221;tag:p|font_size:18|text_align:center|color:%23ffffff&#8221;][\/vc_column][\/vc_row][vc_row css=&#8221;.vc_custom_1441596593717{margin-bottom: 50px !important;border-top-width: 2px !important;border-right-width: 2px !important;border-bottom-width: 2px !important;border-left-width: 2px !important;padding-top: 50px !important;padding-bottom: 50px !important;border-left-color: #fbd232 !important;border-left-style: solid !important;border-right-color: #fbd232 !important;border-right-style: solid !important;border-top-color: #fbd232 !important;border-top-style: solid !important;border-bottom-color: #fbd232 !important;border-bottom-style: solid !important;}&#8221;][vc_column][vc_custom_heading text=&#8221;\u201cEEN SPECIALISTISCH TEAM\u201d&#8221; font_container=&#8221;tag:h2|font_size:24|text_align:center|color:%23121f32&#8243; css=&#8221;.vc_custom_1690297909326{margin-bottom: 30px !important;}&#8221;][vc_column_text]<\/p>\n<p style=\"text-align: center;\">Bouwbedrijfhuis, verbouwt, onderhoudt en renoveert. Met kennis van zaken en aandacht voor ieder detail. Zodat elk project soepel verloopt.<br \/>\nVanaf het prille begin tot en met het perfecte eindresultaat. Wilt u advies, een offerte aanvragen of ons inschakelen voor een klus? We maken graag een afspraak.<\/p>\n<p>[\/vc_column_text][\/vc_column][\/vc_row][vc_row][vc_column width=&#8221;1\/2&#8243;][vc_custom_heading text=&#8221;Onderhoudsbedrijf voor woningen&#8221; font_container=&#8221;tag:h2|font_size:36|text_align:left|color:%231d2634&#8243; el_class=&#8221;heading-title&#8221; css=&#8221;.vc_custom_1690297506143{margin-bottom: 30px !important;}&#8221;][vc_column_text css=&#8221;.vc_custom_1690297757774{margin-bottom: 20px !important;}&#8221;]Al meer dan 15 jaar zijn wij actief in de regio&#8217;s Zuid-Holland tot Noord-Holland. Onze brede expertise omvat nieuwbouw, verbouw, onderhoud en renovatie. Wij hebben een reputatie opgebouwd als een betrouwbare partner, bekend om onze nauwkeurigheid en het stipt nakomen van afspraken, iets wat wij enorm belangrijk vinden.<\/p>\n<p>Uw tevredenheid staat bij ons centraal, en met deze essenti\u00eble principes en ons vakmanschap kunnen wij u als klant het allerbeste resultaat garanderen. Van begin tot eind zorgen wij voor een professionele aanpak en een vlekkeloze uitvoering van uw project. Kies voor ons en ervaar de hoogste kwaliteit en zorg voor uw nieuwbouw, verbouwing, onderhoud of renovatie. Uw project is in goede handen bij ons toegewijde team[\/vc_column_text][\/vc_column][vc_column width=&#8221;1\/2&#8243;][vc_column_text]<img loading=\"lazy\" decoding=\"async\" class=\"alignnone\" src=\"https:\/\/renovation.thememove.com\/data\/images\/about_page_des.jpg\" alt=\"\" width=\"570\" height=\"360\" \/>[\/vc_column_text][\/vc_column][\/vc_row][vc_row full_width=&#8221;stretch_row&#8221; parallax=&#8221;content-moving&#8221; parallax_image=&#8221;1400&#8243; el_class=&#8221;our-features-layout2 center&#8221; css=&#8221;.vc_custom_1439360104091{padding-top: 60px !important;padding-bottom: 30px !important;}&#8221;][vc_column width=&#8221;1\/3&#8243; css=&#8221;.vc_custom_1439360282029{margin-bottom: 30px !important;}&#8221;][thememove_icon type=&#8221;pe7stroke&#8221; icon_pe7stroke=&#8221;pe-7s-tools&#8221; font_size=&#8221;80&#8243;][vc_custom_heading text=&#8221;Professioneel bouwbedrijf&#8221; font_container=&#8221;tag:h3|font_size:20|text_align:center|color:%23ffffff&#8221; css=&#8221;.vc_custom_1690297943939{margin-top: 5px !important;margin-bottom: 5px !important;}&#8221;][vc_column_text]<\/p>\n<p style=\"text-align: center;\">Altijd \u00e9\u00e9n aanspreekpunt, korte lijnen en snel schakelen. \u00c9\u00e9n persoon die uw project en uw wensen kent.<\/p>\n<p>[\/vc_column_text][\/vc_column][vc_column width=&#8221;1\/3&#8243; css=&#8221;.vc_custom_1439360289713{margin-bottom: 30px !important;}&#8221;][thememove_icon type=&#8221;pe7stroke&#8221; icon_pe7stroke=&#8221;pe-7s-clock&#8221; font_size=&#8221;80&#8243;][vc_custom_heading text=&#8221;24\/7 Services&#8221; font_container=&#8221;tag:h3|font_size:20|text_align:center|color:%23ffffff&#8221; css=&#8221;.vc_custom_1439360241684{margin-top: 5px !important;margin-bottom: 5px !important;}&#8221;][vc_column_text]<\/p>\n<p style=\"text-align: center;\">Als je je in een noodsituatie bevindt, maak je dan geen zorgen. Wij bieden een 24\/7 service. Wanneer je ook belt, staan wij klaar om je van dienst te zijn<\/p>\n<p>[\/vc_column_text][\/vc_column][vc_column width=&#8221;1\/3&#8243; css=&#8221;.vc_custom_1439360299267{margin-bottom: 30px !important;}&#8221;][thememove_icon type=&#8221;pe7stroke&#8221; icon_pe7stroke=&#8221;pe-7s-cash&#8221; font_size=&#8221;80&#8243;][vc_custom_heading text=&#8221;Betaalbare prijs&#8221; font_container=&#8221;tag:h3|font_size:20|text_align:center|color:%23ffffff&#8221; css=&#8221;.vc_custom_1690298214028{margin-top: 5px !important;margin-bottom: 5px !important;}&#8221;][vc_column_text]<\/p>\n<p style=\"text-align: center;\">Zorgvuldige uitvoering en projectbegeleiding. Focus op kosten, kwaliteit, goede afwerking en klanttevredenheid<\/p>\n<p>[\/vc_column_text][\/vc_column][\/vc_row][vc_row el_class=&#8221;heading-title-with-subtitle center&#8221; css=&#8221;.vc_custom_1439362139033{margin-top: 60px !important;}&#8221;][vc_column][vc_column_text]<\/p>\n<p style=\"text-align: center;\">We have high quality handmen who are equiped with the latest tools.<\/p>\n<p>[\/vc_column_text][\/vc_column][\/vc_row]<\/p>\n<\/section>","protected":false},"excerpt":{"rendered":"<p>[vc_row full_width=&#8221;stretch_row&#8221; parallax=&#8221;content-moving&#8221; parallax_image=&#8221;1379&#8243; el_class=&#8221;about-us-page-title&#8221; css=&#8221;.vc_custom_1439352698718{margin-bottom: 60px !important;padding-top: 200px !important;padding-bottom: 200px !important;}&#8221;][vc_column][vc_custom_heading text=&#8221;Wij bieden professionele diensten aan.&#8221; font_container=&#8221;tag:h2|font_size:60|text_align:center|color:%23ffffff&#8221; css=&#8221;.vc_custom_1690297206101{margin-bottom: 20px !important;}&#8221;][vc_custom_heading text=&#8221;Volledig betaalbaar en effici\u00ebnt&#8221; font_container=&#8221;tag:p|font_size:18|text_align:center|color:%23ffffff&#8221;][\/vc_column][\/vc_row][vc_row css=&#8221;.vc_custom_1441596593717{margin-bottom: 50px !important;border-top-width: 2px !important;border-right-width: 2px !important;border-bottom-width: 2px !important;border-left-width: 2px !important;padding-top: 50px !important;padding-bottom: 50px !important;border-left-color: #fbd232 !important;border-left-style: solid !important;border-right-color: #fbd232 !important;border-right-style: solid !important;border-top-color: #fbd232 !important;border-top-style: solid !important;border-bottom-color: #fbd232 !important;border-bottom-style: [&hellip;]<\/p>\n","protected":false},"author":1,"featured_media":0,"parent":0,"menu_order":0,"comment_status":"open","ping_status":"open","template":"","meta":{"footnotes":""},"class_list":["post-1376","page","type-page","status-publish","hentry"],"_links":{"self":[{"href":"https:\/\/bouwbedrijfhuis.nl\/index.php\/wp-json\/wp\/v2\/pages\/1376","targetHints":{"allow":["GET"]}}],"collection":[{"href":"https:\/\/bouwbedrijfhuis.nl\/index.php\/wp-json\/wp\/v2\/pages"}],"about":[{"href":"https:\/\/bouwbedrijfhuis.nl\/index.php\/wp-json\/wp\/v2\/types\/page"}],"author":[{"embeddable":true,"href":"https:\/\/bouwbedrijfhuis.nl\/index.php\/wp-json\/wp\/v2\/users\/1"}],"replies":[{"embeddable":true,"href":"https:\/\/bouwbedrijfhuis.nl\/index.php\/wp-json\/wp\/v2\/comments?post=1376"}],"version-history":[{"count":6,"href":"https:\/\/bouwbedrijfhuis.nl\/index.php\/wp-json\/wp\/v2\/pages\/1376\/revisions"}],"predecessor-version":[{"id":3347,"href":"https:\/\/bouwbedrijfhuis.nl\/index.php\/wp-json\/wp\/v2\/pages\/1376\/revisions\/3347"}],"wp:attachment":[{"href":"https:\/\/bouwbedrijfhuis.nl\/index.php\/wp-json\/wp\/v2\/media?parent=1376"}],"curies":[{"name":"wp","href":"https:\/\/api.w.org\/{rel}","templated":true}]}}